{"id":9,"date":"2017-12-29T10:44:39","date_gmt":"2017-12-29T10:44:39","guid":{"rendered":"http:\/\/sarlscreenstar.com\/fr\/?page_id=9"},"modified":"2023-06-08T19:31:02","modified_gmt":"2023-06-08T19:31:02","slug":"presentation-sarlscreenstar","status":"publish","type":"page","link":"https:\/\/sarlscreenstar.com\/fr\/","title":{"rendered":"Pr\u00e9sentation :Sarl SCREENSTAR"},"content":{"rendered":"<h2>Sarl SCREENSTAR: Votre partenaire en enseignes lumineuses et signal\u00e9tique<\/h2>\n<p><strong><span class=\"locuscom\">Sarl SCREENSTAR<\/span><\/strong>\u00a0est une entreprise sp\u00e9cialis\u00e9e dans l&#8217;\u00e9tude, la conception et <strong>la fabrication de panneaux publicitaire lumineux<\/strong>, <a href=\"http:\/\/sarlscreenstar.com\/fr\/categorie-produit\/ecrans-geants-led\/\">\u00e9crans g\u00e9ants led<\/a> (vente ou <a href=\"http:\/\/sarlscreenstar.com\/fr\/location-ecran-geant-led\/\">location<\/a>),d&#8217;enseignes lumineuses, des solutions d&#8217;affichage dynamique et rev\u00eatement de fa\u00e7ade.<\/p>\n<p>Sarl SCREENSTAR r\u00e9alise les \u00a0des<a href=\"http:\/\/sarlscreenstar.com\/fr\/categorie-produit\/panneau-composite\/\"> travaux d&#8217;habillage et\u00a0<em>rev\u00eatement<\/em>\u00a0en\u00a0<em>Alucobond<\/em><\/a>\u00a0,ces\u00a0\u00a0<em>panneaux\u00a0\u00a0<\/em>se sont des plaques composites en aluminium ou panneaux sandwich en aluminium. Habillage des fa\u00e7ades en\u00a0<em>alucobond<\/em>. Gr\u00e2ce a <a href=\"http:\/\/sarlscreenstar.com\/fr\/partenaires\/\">notre partenariat<\/a> avec le leader\u00a0Neitabond.<\/p>\n<p>Nos services ont acqu\u00e9rir l&#8217;exp\u00e9rience et les comp\u00e9tences pour \u00e9tudier, planifier et r\u00e9aliser\u00a0re\u00a0<em>projet d&#8217;affichage<\/em>\u00a0dynamique : conception, installation et maintenance\u00a0 .<\/p>\n<p>\u00a0<\/p>\n<p>\u00a0<\/p>\n<p>Dans ce cadre d&#8217;activit\u00e9s, elle s&#8217;occupe de :<\/p>\n<ul>\n<li><a href=\"http:\/\/sarlscreenstar.com\/fr\/categorie-produit\/panneaux-publicitaires\/\">Panneaux publicitaire lmineux.<\/a><\/li>\n<li><a href=\"http:\/\/sarlscreenstar.com\/fr\/enseignes-lumineuses-signaletique\/\">Enseigne lumineuse<\/a> (lumi\u00e8res directe et indirecte).<\/li>\n<li>Impression num\u00e9rique<\/li>\n<li><a href=\"http:\/\/sarlscreenstar.com\/fr\/categorie-produit\/panneau-composite\/\">rev\u00eatement mural en Aluminium<\/a><\/li>\n<li><a href=\"http:\/\/sarlscreenstar.com\/fr\/presentation-sarlscreenstar\/decoration-forex-algerie\/\">D\u00e9coupe FOREX<\/a> toutes dimensions (d\u00e9coration &amp; am\u00e9nagement)<\/li>\n<\/ul>\n<h2 style=\"color: #3366ff; text-align: center;\">Votre partenaire en enseignes lumineuses et signal\u00e9tique<\/h2>\n<p style=\"text-align: center;\">Vous voulez mettre en avant votre entreprise (commerciale), votre point de vente ou votre \u00e9tablissement ? Nous avons la solution id\u00e9ale sp\u00e9cialement adapt\u00e9e \u00e0 vos besoins. SCREENSTAR, c&#8217;est plus de 5 ans d&#8217;exp\u00e9rience dans le secteur des <strong>enseignes lumineuses<\/strong>. Nous nous engageons \u00e0 vous offrir invariablement la\u00a0<em>meilleure qualit\u00e9<\/em>\u00a0et l<em>e service le plus complet<\/em>. Avec Sign\u00a0&amp;\u00a0Facade, la production et l&#8217;installation de vos enseignes lumineuses sont en bonnes mains. D\u00e9couvrez vite ce que nous pouvons faire pour vous\u00a0!<\/p>\n<p style=\"text-align: center;\">[button url=&#8221;http:\/\/sarlscreenstar.com\/fr\/enseignes-lumineuses-signaletique\/&#8221; target=&#8221;self&#8221; style=&#8221;glass&#8221; background=&#8221;#2D89EF&#8221; color=&#8221;#FFFFFF&#8221; size=&#8221;5&#8243; wide=&#8221;no&#8221; center=&#8221;yes&#8221; radius=&#8221;round&#8221; icon_color=&#8221;#FFFFFF&#8221; text_shadow=&#8221;none&#8221;]Lire plus[\/button]\n<p>Des outils qui vous permettent de mieux g\u00e9rer vos relations avec une audience de plus en plus exigeante.<\/p>\n[row][column size=&#8221;1\/3&#8243; center=&#8221;no&#8221; class=&#8221;&#8221;]\t\t<section class=\" bounceIn \" data-wow-duration=\"0.15s\" data-wow-delay=\"3s\"  data-wow-iteration=\"infinite\"><img loading=\"lazy\" decoding=\"async\" class=\"alignnone wp-image-101 size-full\" src=\"http:\/\/sarlscreenstar.com\/fr\/wp-content\/uploads\/sites\/3\/2018\/01\/screen-1-1.png\" alt=\"\" width=\"204\" height=\"204\" srcset=\"https:\/\/sarlscreenstar.com\/fr\/wp-content\/uploads\/sites\/3\/2018\/01\/screen-1-1.png 204w, https:\/\/sarlscreenstar.com\/fr\/wp-content\/uploads\/sites\/3\/2018\/01\/screen-1-1-150x150.png 150w, https:\/\/sarlscreenstar.com\/fr\/wp-content\/uploads\/sites\/3\/2018\/01\/screen-1-1-180x180.png 180w\" sizes=\"(max-width: 204px) 100vw, 204px\" \/><\/section>\n\t\t[\/column] [column size=&#8221;1\/3&#8243; center=&#8221;no&#8221; class=&#8221;&#8221;]\t\t<section class=\" bounce \" data-wow-duration=\"0.15s\" data-wow-delay=\"0.5s\"  data-wow-iteration=\"10\"><img loading=\"lazy\" decoding=\"async\" class=\"alignnone wp-image-90 size-full\" src=\"http:\/\/sarlscreenstar.com\/fr\/wp-content\/uploads\/sites\/3\/2018\/01\/screen-2.png\" alt=\"\" width=\"202\" height=\"202\" srcset=\"https:\/\/sarlscreenstar.com\/fr\/wp-content\/uploads\/sites\/3\/2018\/01\/screen-2.png 202w, https:\/\/sarlscreenstar.com\/fr\/wp-content\/uploads\/sites\/3\/2018\/01\/screen-2-150x150.png 150w, https:\/\/sarlscreenstar.com\/fr\/wp-content\/uploads\/sites\/3\/2018\/01\/screen-2-180x180.png 180w\" sizes=\"(max-width: 202px) 100vw, 202px\" \/><\/section>\n\t\t[\/column] [column size=&#8221;1\/3&#8243; center=&#8221;no&#8221; class=&#8221;&#8221;]\t\t<section class=\" bounce \" data-wow-duration=\"0.15s\" data-wow-delay=\"0.5s\"  data-wow-iteration=\"infinite\"><img loading=\"lazy\" decoding=\"async\" class=\"alignnone wp-image-97 size-full\" src=\"http:\/\/sarlscreenstar.com\/fr\/wp-content\/uploads\/sites\/3\/2018\/01\/screen-3.png\" alt=\"\" width=\"202\" height=\"202\" srcset=\"https:\/\/sarlscreenstar.com\/fr\/wp-content\/uploads\/sites\/3\/2018\/01\/screen-3.png 202w, https:\/\/sarlscreenstar.com\/fr\/wp-content\/uploads\/sites\/3\/2018\/01\/screen-3-150x150.png 150w, https:\/\/sarlscreenstar.com\/fr\/wp-content\/uploads\/sites\/3\/2018\/01\/screen-3-180x180.png 180w\" sizes=\"(max-width: 202px) 100vw, 202px\" \/><\/section>\n\t\t[\/column][\/row]\n[parallax-scroll id=&#8221;253&#8243;]\n[parallax-scroll id=&#8221;268&#8243;]\n<h2>\u00c9tude et Projet Enseigne et signal\u00e9tique\u00a0\u00e0 votre service.<\/h2>\n<p>Sarl Screen Star propose des solutions de signalisation et affichage dynamique en Algerie (monocolor, RGB,video wall ).<\/p>\n<p>De l\u2019afficheur \u00e0 diodes mono-lignes \u00e0 l\u2019\u00e9cran LED permettant de diffuser de la vid\u00e9o, Sarl SCREENSTAR a la solution qui correspond \u00e0 vos besoins, que ce soit en ext\u00e9rieur ou en int\u00e9rieur.<\/p>\n<p>Les \u00e9crans displays \u00e0 Leds permettent de diffuser tous types d\u2019informations \u00e0 distance \u00e0 l\u2019aide d\u2019un ordinateur.<\/p>\n<p>Les informations selon le type d\u2019\u00e9cran s\u00e9lectionn\u00e9 peuvent \u00eatre sous la forme de textes, d\u2019images, voir m\u00eame de vid\u00e9o.<\/p>\n<p>Ils permettent de diffuser une information instantan\u00e9e, ils compl\u00e8tent ainsi les supports fixent que sont les enseignes.<\/p>\n<p>Chez Sarl SCREENSTAR, nous distribuons tous les types d\u2019affichages \u00e0 \u00e9cran Leds ; pour les mairies, communes, communaut\u00e9s de communes, nous proposons des infovilles, journal lumineux, info score pour r\u00e9sultat sportif, pour le football par exemple \u2026<\/p>\n<p>Nous pouvons int\u00e9grer les \u00e9crans sur un totem, sur vos fa\u00e7ades, derri\u00e8re la vitrine, sur un mat\u2026 pour un affichage dynamique LED sur-mesure.<\/p><div class=\"wp-block-group alignfull\"><div class=\"wp-block-group__inner-container is-layout-flow wp-block-group-is-layout-flow\"><div class=\"wp-block-media-text alignfull is-stacked-on-mobile\" style=\"grid-template-columns:40% auto\"><figure class=\"wp-block-media-text__media\"><\/figure><div class=\"wp-block-media-text__content\"><div class=\"wp-block-group\"><div class=\"wp-block-group__inner-container is-layout-constrained wp-container-core-group-is-layout-2 wp-block-group-is-layout-constrained\"><div class=\"wp-block-columns are-vertically-aligned-top is-layout-flex wp-container-core-columns-is-layout-1 wp-block-columns-is-layout-flex\"><div class=\"wp-block-column is-vertically-aligned-top is-layout-flow wp-block-column-is-layout-flow\" style=\"padding-top:30px;padding-right:30px;padding-bottom:30px;padding-left:30px\"><h2 class=\"wp-block-heading\" id=\"the-eden-jacket\" style=\"margin-top:0px;font-size:58px;font-style:normal;font-weight:600\">La veste Eden<\/h2><\/div>\n\n<div class=\"wp-block-column is-vertically-aligned-top is-layout-flow wp-block-column-is-layout-flow\"><div class=\"wp-block-group\" style=\"padding-top:10px;padding-right:10px;padding-bottom:10px;padding-left:10px\"><div class=\"wp-block-group__inner-container is-layout-flow wp-block-group-is-layout-flow\"><p style=\"font-size:16px\">Parfaite pour tous les looks avec sa coupe ample et mi-taille.<\/p>\n\n<div class=\"wp-block-buttons is-layout-flex wp-block-buttons-is-layout-flex\"><div class=\"wp-block-button is-style-outline is-style-outline--23d7c55187ce364a99581a065a687d51\"><a class=\"wp-block-button__link wp-element-button\">Voir produit<\/a><\/div><\/div><\/div><\/div><\/div><\/div><\/div><\/div><\/div><\/div>\n\n<div class=\"wp-block-media-text alignfull has-media-on-the-right is-stacked-on-mobile\" style=\"grid-template-columns:auto 60%\"><div class=\"wp-block-media-text__content\"><div class=\"wp-block-columns is-layout-flex wp-container-core-columns-is-layout-2 wp-block-columns-is-layout-flex\"><div class=\"wp-block-column is-layout-flow wp-block-column-is-layout-flow\" style=\"padding-top:20px;padding-right:20px;padding-bottom:20px;padding-left:20px\"><h4 class=\"wp-block-heading\" id=\"100-silk\" style=\"margin-top:0px;margin-right:0px;margin-bottom:0px;margin-left:0px;font-size:22px;font-style:normal;font-weight:600;line-height:1\">100&nbsp;% laine<\/h4>\n\n<p style=\"font-size:16px\">Affichez votre sens du style.<\/p><\/div>\n\n<div class=\"wp-block-column is-layout-flow wp-block-column-is-layout-flow\" style=\"padding-top:20px;padding-right:20px;padding-bottom:20px;padding-left:20px\"><h5 class=\"wp-block-heading\" id=\"100-silk\" style=\"margin-top:0px;margin-right:0px;margin-bottom:0px;margin-left:0px;font-size:22px;font-style:normal;font-weight:600;line-height:1\">L\u2019indispensable de votre garde-robe<\/h5>\n\n<p style=\"font-size:16px\">\u00c0 porter rentr\u00e9 ou par-dessus le pantalon.<\/p><\/div><\/div>\n\n<div class=\"wp-block-columns is-layout-flex wp-container-core-columns-is-layout-3 wp-block-columns-is-layout-flex\"><div class=\"wp-block-column is-layout-flow wp-block-column-is-layout-flow\" style=\"padding-top:20px;padding-right:20px;padding-bottom:20px;padding-left:20px\"><h5 class=\"wp-block-heading\" id=\"100-silk\" style=\"margin-top:0px;margin-right:0px;margin-bottom:0px;margin-left:0px;font-size:22px;font-style:normal;font-weight:600;line-height:1\">Convient \u00e0 tous les styles<\/h5>\n\n<p style=\"font-size:16px\">\u00c0 l\u2019\u00e9preuve de toutes les humeurs ou les looks avec ses boutons sur le devant.<\/p><\/div>\n\n<div class=\"wp-block-column is-layout-flow wp-block-column-is-layout-flow\" style=\"padding-top:20px;padding-right:20px;padding-bottom:20px;padding-left:20px\"><h5 class=\"wp-block-heading\" id=\"100-silk\" style=\"margin-top:0px;margin-right:0px;margin-bottom:0px;margin-left:0px;font-size:22px;font-style:normal;font-weight:600;line-height:1\">Coupe classique<\/h5>\n\n<p style=\"font-size:16px\">42&nbsp;% cupro, 34&nbsp;% lin, 24&nbsp;% viscose<\/p><\/div><\/div><\/div><figure class=\"wp-block-media-text__media\"><\/figure><\/div><\/div><\/div>","protected":false},"excerpt":{"rendered":"<p>Sarl SCREENSTAR: Votre partenaire en enseignes lumineuses et signal\u00e9tique Sarl SCREENSTAR\u00a0est une entreprise sp\u00e9cialis\u00e9e dans l&#8217;\u00e9tude, la conception et la fabrication de panneaux publicitaire lumineux, \u00e9crans g\u00e9ants led (vente ou location),d&#8217;enseignes lumineuses, des solutions d&#8217;affichage dynamique et rev\u00eatement de fa\u00e7ade. Sarl SCREENSTAR r\u00e9alise les \u00a0des travaux d&#8217;habillage et\u00a0rev\u00eatement\u00a0en\u00a0Alucobond\u00a0,ces\u00a0\u00a0panneaux\u00a0\u00a0se sont des plaques composites en aluminium ou<a class=\"moretag\" href=\"https:\/\/sarlscreenstar.com\/fr\/\"><span class=\"screen-reader-text\">En savoir plus surPr\u00e9sentation :Sarl SCREENSTAR<\/span>[&#8230;]<\/a><\/p>\n","protected":false},"author":1,"featured_media":0,"parent":0,"menu_order":0,"comment_status":"closed","ping_status":"closed","template":"","meta":{"footnotes":""},"class_list":["post-9","page","type-page","status-publish","hentry"],"_links":{"self":[{"href":"https:\/\/sarlscreenstar.com\/fr\/wp-json\/wp\/v2\/pages\/9"}],"collection":[{"href":"https:\/\/sarlscreenstar.com\/fr\/wp-json\/wp\/v2\/pages"}],"about":[{"href":"https:\/\/sarlscreenstar.com\/fr\/wp-json\/wp\/v2\/types\/page"}],"author":[{"embeddable":true,"href":"https:\/\/sarlscreenstar.com\/fr\/wp-json\/wp\/v2\/users\/1"}],"replies":[{"embeddable":true,"href":"https:\/\/sarlscreenstar.com\/fr\/wp-json\/wp\/v2\/comments?post=9"}],"version-history":[{"count":0,"href":"https:\/\/sarlscreenstar.com\/fr\/wp-json\/wp\/v2\/pages\/9\/revisions"}],"wp:attachment":[{"href":"https:\/\/sarlscreenstar.com\/fr\/wp-json\/wp\/v2\/media?parent=9"}],"curies":[{"name":"wp","href":"https:\/\/api.w.org\/{rel}","templated":true}]}}