{"id":150,"date":"2018-03-31T19:36:58","date_gmt":"2018-03-31T19:36:58","guid":{"rendered":"http:\/\/sarlscreenstar.com\/fr\/?page_id=150"},"modified":"2018-05-02T18:54:21","modified_gmt":"2018-05-02T18:54:21","slug":"impression-numerique-grand-format-impression-numerique-grand-format","status":"publish","type":"page","link":"https:\/\/sarlscreenstar.com\/fr\/presentation-sarlscreenstar\/impression-numerique-grand-format-impression-numerique-grand-format\/","title":{"rendered":"IMPRESSION NUM\u00c9RIQUE GRAND FORMAT"},"content":{"rendered":"<h1 id=\"Title\">IMPRESSION NUM\u00c9RIQUE GRAND FORMAT<\/h1>\n<p>&nbsp;<\/p>\n<p><img loading=\"lazy\" decoding=\"async\" class=\"alignnone wp-image-238 size-full\" src=\"http:\/\/sarlscreenstar.com\/fr\/wp-content\/uploads\/sites\/3\/2018\/05\/impression-algerie.png\" alt=\"\" width=\"960\" height=\"600\" srcset=\"https:\/\/sarlscreenstar.com\/fr\/wp-content\/uploads\/sites\/3\/2018\/05\/impression-algerie.png 960w, https:\/\/sarlscreenstar.com\/fr\/wp-content\/uploads\/sites\/3\/2018\/05\/impression-algerie-300x188.png 300w, https:\/\/sarlscreenstar.com\/fr\/wp-content\/uploads\/sites\/3\/2018\/05\/impression-algerie-768x480.png 768w, https:\/\/sarlscreenstar.com\/fr\/wp-content\/uploads\/sites\/3\/2018\/05\/impression-algerie-600x375.png 600w\" sizes=\"(max-width: 960px) 100vw, 960px\" \/><\/p>\n<div id=\"Description\">\u00a0-Impression num\u00e9rique grand format (1.6m)<br \/>\n-Fa\u00e7ades publicitaires et show room<br \/>\n-Lettres en relief sur tout support<br \/>\n-Alucou bande<br \/>\n-Mur rideaux<br \/>\n-Rideaux \u00e9lectriques<br \/>\n-vitrines en verre tremp\u00e9<\/div>\n<div><img loading=\"lazy\" decoding=\"async\" class=\"alignnone wp-image-152 size-full\" src=\"http:\/\/sarlscreenstar.com\/fr\/wp-content\/uploads\/sites\/3\/2018\/03\/IMPRESSION-NUMERIQUE-GRAND-FORMAT-algerie-setif.png\" alt=\"\" width=\"813\" height=\"501\" srcset=\"https:\/\/sarlscreenstar.com\/fr\/wp-content\/uploads\/sites\/3\/2018\/03\/IMPRESSION-NUMERIQUE-GRAND-FORMAT-algerie-setif.png 813w, https:\/\/sarlscreenstar.com\/fr\/wp-content\/uploads\/sites\/3\/2018\/03\/IMPRESSION-NUMERIQUE-GRAND-FORMAT-algerie-setif-300x185.png 300w, https:\/\/sarlscreenstar.com\/fr\/wp-content\/uploads\/sites\/3\/2018\/03\/IMPRESSION-NUMERIQUE-GRAND-FORMAT-algerie-setif-768x473.png 768w, https:\/\/sarlscreenstar.com\/fr\/wp-content\/uploads\/sites\/3\/2018\/03\/IMPRESSION-NUMERIQUE-GRAND-FORMAT-algerie-setif-600x370.png 600w\" sizes=\"(max-width: 813px) 100vw, 813px\" \/><\/div>\n","protected":false},"excerpt":{"rendered":"<p>IMPRESSION NUM\u00c9RIQUE GRAND FORMAT &nbsp; \u00a0-Impression num\u00e9rique grand format (1.6m) -Fa\u00e7ades publicitaires et show room -Lettres en relief sur tout support -Alucou bande -Mur rideaux -Rideaux \u00e9lectriques -vitrines en verre tremp\u00e9<\/p>\n","protected":false},"author":1,"featured_media":152,"parent":9,"menu_order":0,"comment_status":"closed","ping_status":"closed","template":"","meta":{"footnotes":""},"class_list":["post-150","page","type-page","status-publish","has-post-thumbnail","hentry"],"_links":{"self":[{"href":"https:\/\/sarlscreenstar.com\/fr\/wp-json\/wp\/v2\/pages\/150"}],"collection":[{"href":"https:\/\/sarlscreenstar.com\/fr\/wp-json\/wp\/v2\/pages"}],"about":[{"href":"https:\/\/sarlscreenstar.com\/fr\/wp-json\/wp\/v2\/types\/page"}],"author":[{"embeddable":true,"href":"https:\/\/sarlscreenstar.com\/fr\/wp-json\/wp\/v2\/users\/1"}],"replies":[{"embeddable":true,"href":"https:\/\/sarlscreenstar.com\/fr\/wp-json\/wp\/v2\/comments?post=150"}],"version-history":[{"count":0,"href":"https:\/\/sarlscreenstar.com\/fr\/wp-json\/wp\/v2\/pages\/150\/revisions"}],"up":[{"embeddable":true,"href":"https:\/\/sarlscreenstar.com\/fr\/wp-json\/wp\/v2\/pages\/9"}],"wp:featuredmedia":[{"embeddable":true,"href":"https:\/\/sarlscreenstar.com\/fr\/wp-json\/wp\/v2\/media\/152"}],"wp:attachment":[{"href":"https:\/\/sarlscreenstar.com\/fr\/wp-json\/wp\/v2\/media?parent=150"}],"curies":[{"name":"wp","href":"https:\/\/api.w.org\/{rel}","templated":true}]}}