{"id":134,"date":"2018-03-31T19:04:52","date_gmt":"2018-03-31T19:04:52","guid":{"rendered":"http:\/\/sarlscreenstar.com\/fr\/?page_id=134"},"modified":"2018-04-30T18:17:18","modified_gmt":"2018-04-30T18:17:18","slug":"location-ecran-geant-led","status":"publish","type":"page","link":"https:\/\/sarlscreenstar.com\/fr\/location-ecran-geant-led\/","title":{"rendered":"Location \u00e9cran g\u00e9ant  led , donnez une nouvelle dimension \u00e0 votre \u00e9v\u00e9nement"},"content":{"rendered":"<p>Notre entreprise <strong>Sarl Screen Star<\/strong>\u00a0 est sp\u00e9cialis\u00e9e dans fabrication ,de la vente et<strong><em> la\u00a0location d\u2019\u00e9cran g\u00e9ant<\/em><\/strong> \u00e0 <strong>LED Haute D\u00e9finition<\/strong> pour l\u2019\u00e9v\u00e9nementiel. Nous mettons \u00e0 votre disposition un large choix de mat\u00e9riel, aussi bien pour un <strong>usage en int\u00e9rieur<\/strong> que pour une <strong>location d\u2019\u00e9cran g\u00e9ant ext\u00e9rieur<\/strong>.<br \/>\nGr\u00e2ce \u00e0 nos diff\u00e9rentes structures modulables, nous sommes en mesure de r\u00e9pondre \u00e0 tous vos besoins, avec une technologie adapt\u00e9e aux sp\u00e9cificit\u00e9s de votre projet. Accessibles aux professionnels comme aux particuliers, nos solutions cl\u00e9s en main d\u00e9mocratisent la location d\u2019un \u00e9cran led en facilitant la mise en place ainsi que le support logistique et technique de cette technologie.\u00a0Comp\u00e9tente, r\u00e9active et sp\u00e9cialis\u00e9e, notre \u00e9quipe saura \u00eatre \u00e0 la hauteur de vos attentes pour donner vie \u00e0 votre projet, de mani\u00e8re aussi fluide qu\u2019efficace.<\/p>\n<p><img loading=\"lazy\" decoding=\"async\" class=\"alignnone wp-image-155 size-full\" src=\"http:\/\/sarlscreenstar.com\/fr\/wp-content\/uploads\/sites\/3\/2018\/03\/960x614_illustration-retransmission-euro-2016-ecran-geant-lyon-lors-match-france-roumanie-1.jpg\" alt=\"\" width=\"960\" height=\"614\" srcset=\"https:\/\/sarlscreenstar.com\/fr\/wp-content\/uploads\/sites\/3\/2018\/03\/960x614_illustration-retransmission-euro-2016-ecran-geant-lyon-lors-match-france-roumanie-1.jpg 960w, https:\/\/sarlscreenstar.com\/fr\/wp-content\/uploads\/sites\/3\/2018\/03\/960x614_illustration-retransmission-euro-2016-ecran-geant-lyon-lors-match-france-roumanie-1-300x192.jpg 300w, https:\/\/sarlscreenstar.com\/fr\/wp-content\/uploads\/sites\/3\/2018\/03\/960x614_illustration-retransmission-euro-2016-ecran-geant-lyon-lors-match-france-roumanie-1-768x491.jpg 768w, https:\/\/sarlscreenstar.com\/fr\/wp-content\/uploads\/sites\/3\/2018\/03\/960x614_illustration-retransmission-euro-2016-ecran-geant-lyon-lors-match-france-roumanie-1-600x384.jpg 600w\" sizes=\"(max-width: 960px) 100vw, 960px\" \/><\/p>\n<p>&nbsp;<\/p>\n<h3 style=\"text-align: center;\">Sarl Screen Star, Experte d\u2019une technologie fiable, modulable et\u00a0<strong>accessible au meilleur prix<\/strong>, notre \u00e9quipe s\u2019est donn\u00e9e une mission : participer pleinement \u00e0 la r\u00e9ussite de votre \u00e9v\u00e9nement.<br \/>\nOpter pour nos services de location \u00e9cran g\u00e9ant, c\u2019est faire le choix d\u2019une\u00a0<strong>visibilit\u00e9 en haute qualit\u00e9<\/strong>\u00a0pour votre rassemblement, quelle que soit sa nature (salon professionnel, manifestation priv\u00e9e, rencontre sportive, s\u00e9minaire, foire commerciale, inauguration, exposition\u2026).<br \/>\nPour la location d\u2019un \u00e9cran LED et la pose de\u00a0<strong>murs d\u2019images<\/strong>, faites confiance \u00e0 de v\u00e9ritables sp\u00e9cialistes exp\u00e9riment\u00e9s.<\/h3>\n<h2 class=\"section-heading uppercase black large\"><img loading=\"lazy\" decoding=\"async\" class=\"wp-image-156 size-full aligncenter\" style=\"font-size: 16px;\" src=\"http:\/\/sarlscreenstar.com\/fr\/wp-content\/uploads\/sites\/3\/2018\/03\/p3.91-outdoor-led-display-1.jpg\" alt=\"\" width=\"470\" height=\"375\" srcset=\"https:\/\/sarlscreenstar.com\/fr\/wp-content\/uploads\/sites\/3\/2018\/03\/p3.91-outdoor-led-display-1.jpg 470w, https:\/\/sarlscreenstar.com\/fr\/wp-content\/uploads\/sites\/3\/2018\/03\/p3.91-outdoor-led-display-1-300x239.jpg 300w\" sizes=\"(max-width: 470px) 100vw, 470px\" \/><\/h2>\n<h2>Des solutions cl\u00e9s en main pour votre location \u00e9cran g\u00e9ant<\/h2>\n<p class=\"team-item-h\"><strong>Louer en toute simplicit\u00e9:<\/strong>Nous proposons des packs personnalis\u00e9s pour la location d&#8217;\u00e9cran g\u00e9ant \u00e0 tarifs avantageux. Profitez de nos murs d&#8217;image pour diffuser votre image de marque !<\/p>\n<p><img loading=\"lazy\" decoding=\"async\" class=\"alignnone wp-image-211 size-full\" src=\"http:\/\/sarlscreenstar.com\/fr\/wp-content\/uploads\/sites\/3\/2018\/04\/20151108084619775.jpg\" alt=\"\" width=\"940\" height=\"627\" srcset=\"https:\/\/sarlscreenstar.com\/fr\/wp-content\/uploads\/sites\/3\/2018\/04\/20151108084619775.jpg 940w, https:\/\/sarlscreenstar.com\/fr\/wp-content\/uploads\/sites\/3\/2018\/04\/20151108084619775-300x200.jpg 300w, https:\/\/sarlscreenstar.com\/fr\/wp-content\/uploads\/sites\/3\/2018\/04\/20151108084619775-768x512.jpg 768w, https:\/\/sarlscreenstar.com\/fr\/wp-content\/uploads\/sites\/3\/2018\/04\/20151108084619775-600x400.jpg 600w, https:\/\/sarlscreenstar.com\/fr\/wp-content\/uploads\/sites\/3\/2018\/04\/20151108084619775-272x182.jpg 272w\" sizes=\"(max-width: 940px) 100vw, 940px\" \/><\/p>\n<div class=\"row\">\n<div class=\"col-md-8 col-md-offset-2 align-center\">\n<h2 class=\"section-heading uppercase black large\">NOS AVANTAGES<\/h2>\n<h3 class=\"service-title\">Conseil de professionnel<\/h3>\n<p>B\u00e9n\u00e9ficiez de conseils d&#8217;experts et de notre assistance technique.<\/p>\n<h3 class=\"service-title\">Offre &#8220;cl\u00e9 en main&#8221;<\/h3>\n<p>Nous avons simplifier notre offre pour vous faciliter l&#8217;acc\u00e8s \u00e0 la location d&#8217;\u00e9cran g\u00e9ant LED.<\/p>\n<h3 class=\"service-title\">Rapport qualit\u00e9 \/ prix<\/h3>\n<p>Nous vous offrons le meilleur rapport qualit\u00e9\/prix.<\/p>\n<h3 class=\"service-title\">Installation et Service apr\u00e8s-vente<\/h3>\n<p>Nous vous assurons un service apr\u00e8s vente de qualit\u00e9.<\/p>\n<p>Notre entreprise Sarl Screen Star\u00a0 \u00a0est sp\u00e9cialis\u00e9e dans la conception et la fabrication d&#8217;affichage dynamique digital ,panneaux publicitaires et impression sur touts. Nous travaillons en \u00e9troite collaboration pour satisfaire tous vos besoins.<\/p>\n<div class=\"section-text white \"><\/div>\n<div class=\"local-scroll\"><\/div>\n<\/div>\n<\/div>\n<div class=\"row multi-columns-row service-grid mb-50 mb-xs-30\">\n<div class=\"col-sm-6 col-md-4 col-lg-4\">\n<div class=\"service-item\">\n<div class=\"service-icon color\"><\/div>\n<\/div>\n<\/div>\n<\/div>\n","protected":false},"excerpt":{"rendered":"<p>Notre entreprise Sarl Screen Star\u00a0 est sp\u00e9cialis\u00e9e dans fabrication ,de la vente et la\u00a0location d\u2019\u00e9cran g\u00e9ant \u00e0 LED Haute D\u00e9finition pour l\u2019\u00e9v\u00e9nementiel. Nous mettons \u00e0 votre disposition un large choix de mat\u00e9riel, aussi bien pour un usage en int\u00e9rieur que pour une location d\u2019\u00e9cran g\u00e9ant ext\u00e9rieur. Gr\u00e2ce \u00e0 nos diff\u00e9rentes structures modulables, nous sommes en<a class=\"moretag\" href=\"https:\/\/sarlscreenstar.com\/fr\/location-ecran-geant-led\/\"><span class=\"screen-reader-text\">En savoir plus surLocation \u00e9cran g\u00e9ant  led , donnez une nouvelle dimension \u00e0 votre \u00e9v\u00e9nement<\/span>[&#8230;]<\/a><\/p>\n","protected":false},"author":1,"featured_media":0,"parent":0,"menu_order":0,"comment_status":"closed","ping_status":"closed","template":"","meta":{"footnotes":""},"class_list":["post-134","page","type-page","status-publish","hentry"],"_links":{"self":[{"href":"https:\/\/sarlscreenstar.com\/fr\/wp-json\/wp\/v2\/pages\/134"}],"collection":[{"href":"https:\/\/sarlscreenstar.com\/fr\/wp-json\/wp\/v2\/pages"}],"about":[{"href":"https:\/\/sarlscreenstar.com\/fr\/wp-json\/wp\/v2\/types\/page"}],"author":[{"embeddable":true,"href":"https:\/\/sarlscreenstar.com\/fr\/wp-json\/wp\/v2\/users\/1"}],"replies":[{"embeddable":true,"href":"https:\/\/sarlscreenstar.com\/fr\/wp-json\/wp\/v2\/comments?post=134"}],"version-history":[{"count":0,"href":"https:\/\/sarlscreenstar.com\/fr\/wp-json\/wp\/v2\/pages\/134\/revisions"}],"wp:attachment":[{"href":"https:\/\/sarlscreenstar.com\/fr\/wp-json\/wp\/v2\/media?parent=134"}],"curies":[{"name":"wp","href":"https:\/\/api.w.org\/{rel}","templated":true}]}}