{"id":11,"date":"2017-12-29T10:44:57","date_gmt":"2017-12-29T10:44:57","guid":{"rendered":"http:\/\/sarlscreenstar.com\/fr\/?page_id=11"},"modified":"2018-05-04T21:25:48","modified_gmt":"2018-05-04T21:25:48","slug":"partenaires","status":"publish","type":"page","link":"https:\/\/sarlscreenstar.com\/fr\/partenaires\/","title":{"rendered":"Partenaires"},"content":{"rendered":"<p><img loading=\"lazy\" decoding=\"async\" class=\"alignnone size-full wp-image-31\" src=\"http:\/\/sarlscreenstar.com\/fr\/wp-content\/uploads\/sites\/3\/2017\/12\/haidu-led-algerie.png\" alt=\"\" width=\"242\" height=\"74\" \/> <img loading=\"lazy\" decoding=\"async\" class=\"alignnone size-medium wp-image-32\" src=\"http:\/\/sarlscreenstar.com\/fr\/wp-content\/uploads\/sites\/3\/2017\/12\/listen-led-algerie.png\" alt=\"\" width=\"206\" height=\"74\" \/> <img loading=\"lazy\" decoding=\"async\" class=\"alignnone size-medium wp-image-33\" src=\"http:\/\/sarlscreenstar.com\/fr\/wp-content\/uploads\/sites\/3\/2017\/12\/led-partner-algerie.png\" alt=\"\" width=\"180\" height=\"200\" \/><\/p>\n<h2><span style=\"color: #3366ff;\">Partenaire NEITBOND<\/span> : P<em>anneau composite<\/em>\u00a0en\u00a0<em>aluminium<\/em><\/h2>\n<p><em><br \/>\n<\/em>Notre\u00a0 partenaire NEITBOND\u00a0d\u00e9veloppe, compose et commercialise des panneaux composites en aluminium d&#8217;une qualit\u00e9 sup\u00e9rieure.<\/p>\n<p><img loading=\"lazy\" decoding=\"async\" class=\"alignnone size-full wp-image-184\" src=\"http:\/\/sarlscreenstar.com\/fr\/wp-content\/uploads\/sites\/3\/2018\/04\/neitabond.png\" alt=\"\" width=\"277\" height=\"106\" \/><\/p>\n<h2><span style=\"color: #3366ff;\">Partenaire Chuanglian<\/span> :Solutions d&#8217;alimentation \u00e9lectrique<\/h2>\n<p><img loading=\"lazy\" decoding=\"async\" class=\"alignnone size-full wp-image-173\" src=\"http:\/\/sarlscreenstar.com\/fr\/wp-content\/uploads\/sites\/3\/2018\/04\/led-power-supply-star.jpg\" alt=\"\" width=\"206\" height=\"113\" \/><\/p>\n<h2><span style=\"color: #3366ff;\">Notre partenaire JINBAO<\/span>: Fournisseur PVC(FORX)<\/h2>\n<p><img loading=\"lazy\" decoding=\"async\" class=\"alignnone size-full wp-image-172\" src=\"http:\/\/sarlscreenstar.com\/fr\/wp-content\/uploads\/sites\/3\/2018\/04\/jinbao.png\" alt=\"\" width=\"146\" height=\"76\" \/><\/p>\n<h2><span style=\"color: #3366ff;\">Notre partenaire GKGD<\/span> :\u00a0<em>Leader<\/em>\u00a0en <i>affichage<\/i>\u00a0\u00e0\u00a0<em>LED<\/em><\/h2>\n<p><img loading=\"lazy\" decoding=\"async\" class=\"alignnone size-full wp-image-171\" src=\"http:\/\/sarlscreenstar.com\/fr\/wp-content\/uploads\/sites\/3\/2018\/04\/gkgd.png\" alt=\"\" width=\"217\" height=\"64\" \/><\/p>\n[parallax-scroll id=&#8221;256&#8243;]\n","protected":false},"excerpt":{"rendered":"<p>Partenaire NEITBOND : Panneau composite\u00a0en\u00a0aluminium Notre\u00a0 partenaire NEITBOND\u00a0d\u00e9veloppe, compose et commercialise des panneaux composites en aluminium d&#8217;une qualit\u00e9 sup\u00e9rieure. Partenaire Chuanglian :Solutions d&#8217;alimentation \u00e9lectrique Notre partenaire JINBAO: Fournisseur PVC(FORX) Notre partenaire GKGD :\u00a0Leader\u00a0en affichage\u00a0\u00e0\u00a0LED [parallax-scroll id=&#8221;256&#8243;]<\/p>\n","protected":false},"author":1,"featured_media":0,"parent":0,"menu_order":0,"comment_status":"closed","ping_status":"closed","template":"","meta":{"footnotes":""},"class_list":["post-11","page","type-page","status-publish","hentry"],"_links":{"self":[{"href":"https:\/\/sarlscreenstar.com\/fr\/wp-json\/wp\/v2\/pages\/11"}],"collection":[{"href":"https:\/\/sarlscreenstar.com\/fr\/wp-json\/wp\/v2\/pages"}],"about":[{"href":"https:\/\/sarlscreenstar.com\/fr\/wp-json\/wp\/v2\/types\/page"}],"author":[{"embeddable":true,"href":"https:\/\/sarlscreenstar.com\/fr\/wp-json\/wp\/v2\/users\/1"}],"replies":[{"embeddable":true,"href":"https:\/\/sarlscreenstar.com\/fr\/wp-json\/wp\/v2\/comments?post=11"}],"version-history":[{"count":0,"href":"https:\/\/sarlscreenstar.com\/fr\/wp-json\/wp\/v2\/pages\/11\/revisions"}],"wp:attachment":[{"href":"https:\/\/sarlscreenstar.com\/fr\/wp-json\/wp\/v2\/media?parent=11"}],"curies":[{"name":"wp","href":"https:\/\/api.w.org\/{rel}","templated":true}]}}