{"id":106,"date":"2018-03-31T18:40:12","date_gmt":"2018-03-31T18:40:12","guid":{"rendered":"http:\/\/sarlscreenstar.com\/fr\/?page_id=106"},"modified":"2018-04-13T14:02:55","modified_gmt":"2018-04-13T14:02:55","slug":"decoration-forex-algerie","status":"publish","type":"page","link":"https:\/\/sarlscreenstar.com\/fr\/presentation-sarlscreenstar\/decoration-forex-algerie\/","title":{"rendered":"D\u00c9CORATION FOREX"},"content":{"rendered":"<p>Nous vous proposons \u00e9galement le Forex Sur Mesure. Vous d\u00e9terminez vous-m\u00eame la taille de votre Forex au centim\u00e8tre pr\u00e8s. Pratique pour vos photos panoramiques, qu\u2019elles soient horizontales ou verticales, votre Forex Sur Mesure s\u2019int\u00e8gre sur n\u2019importe quel mur de votre appartement.<br \/>\nLe Forex est une impression directe sur un support PVC avec une haute d\u00e9finition, un rendu des couleurs fid\u00e8le \u00e0 votre photo originale et une finition mate.<\/p>\n<p><img loading=\"lazy\" decoding=\"async\" class=\"alignnone wp-image-109 size-full\" src=\"http:\/\/sarlscreenstar.com\/fr\/wp-content\/uploads\/sites\/3\/2018\/03\/forex1-1-250x250.jpg\" alt=\"\" width=\"250\" height=\"250\" srcset=\"https:\/\/sarlscreenstar.com\/fr\/wp-content\/uploads\/sites\/3\/2018\/03\/forex1-1-250x250.jpg 250w, https:\/\/sarlscreenstar.com\/fr\/wp-content\/uploads\/sites\/3\/2018\/03\/forex1-1-250x250-150x150.jpg 150w, https:\/\/sarlscreenstar.com\/fr\/wp-content\/uploads\/sites\/3\/2018\/03\/forex1-1-250x250-100x100.jpg 100w\" sizes=\"(max-width: 250px) 100vw, 250px\" \/> <img loading=\"lazy\" decoding=\"async\" class=\"alignnone wp-image-110 size-full\" src=\"http:\/\/sarlscreenstar.com\/fr\/wp-content\/uploads\/sites\/3\/2018\/03\/forex1-2-250x250.jpg\" alt=\"\" width=\"250\" height=\"250\" srcset=\"https:\/\/sarlscreenstar.com\/fr\/wp-content\/uploads\/sites\/3\/2018\/03\/forex1-2-250x250.jpg 250w, https:\/\/sarlscreenstar.com\/fr\/wp-content\/uploads\/sites\/3\/2018\/03\/forex1-2-250x250-150x150.jpg 150w, https:\/\/sarlscreenstar.com\/fr\/wp-content\/uploads\/sites\/3\/2018\/03\/forex1-2-250x250-100x100.jpg 100w\" sizes=\"(max-width: 250px) 100vw, 250px\" \/> <img loading=\"lazy\" decoding=\"async\" class=\"alignnone wp-image-111 size-full\" src=\"http:\/\/sarlscreenstar.com\/fr\/wp-content\/uploads\/sites\/3\/2018\/03\/forex1-3-250x250.jpg\" alt=\"\" width=\"250\" height=\"250\" srcset=\"https:\/\/sarlscreenstar.com\/fr\/wp-content\/uploads\/sites\/3\/2018\/03\/forex1-3-250x250.jpg 250w, https:\/\/sarlscreenstar.com\/fr\/wp-content\/uploads\/sites\/3\/2018\/03\/forex1-3-250x250-150x150.jpg 150w, https:\/\/sarlscreenstar.com\/fr\/wp-content\/uploads\/sites\/3\/2018\/03\/forex1-3-250x250-100x100.jpg 100w\" sizes=\"(max-width: 250px) 100vw, 250px\" \/> <img loading=\"lazy\" decoding=\"async\" class=\"alignnone size-medium wp-image-112\" src=\"http:\/\/sarlscreenstar.com\/fr\/wp-content\/uploads\/sites\/3\/2018\/03\/forex1-4-250x250.jpg\" alt=\"\" width=\"250\" height=\"250\" srcset=\"https:\/\/sarlscreenstar.com\/fr\/wp-content\/uploads\/sites\/3\/2018\/03\/forex1-4-250x250.jpg 250w, https:\/\/sarlscreenstar.com\/fr\/wp-content\/uploads\/sites\/3\/2018\/03\/forex1-4-250x250-150x150.jpg 150w, https:\/\/sarlscreenstar.com\/fr\/wp-content\/uploads\/sites\/3\/2018\/03\/forex1-4-250x250-100x100.jpg 100w\" sizes=\"(max-width: 250px) 100vw, 250px\" \/> <img loading=\"lazy\" decoding=\"async\" class=\"alignnone wp-image-113 size-full\" src=\"http:\/\/sarlscreenstar.com\/fr\/wp-content\/uploads\/sites\/3\/2018\/03\/forex1-5-250x250.jpg\" alt=\"\" width=\"250\" height=\"250\" srcset=\"https:\/\/sarlscreenstar.com\/fr\/wp-content\/uploads\/sites\/3\/2018\/03\/forex1-5-250x250.jpg 250w, https:\/\/sarlscreenstar.com\/fr\/wp-content\/uploads\/sites\/3\/2018\/03\/forex1-5-250x250-150x150.jpg 150w, https:\/\/sarlscreenstar.com\/fr\/wp-content\/uploads\/sites\/3\/2018\/03\/forex1-5-250x250-100x100.jpg 100w\" sizes=\"(max-width: 250px) 100vw, 250px\" \/> <img loading=\"lazy\" decoding=\"async\" class=\"alignnone wp-image-114 size-full\" src=\"http:\/\/sarlscreenstar.com\/fr\/wp-content\/uploads\/sites\/3\/2018\/03\/forex1-6-250x250.jpg\" alt=\"\" width=\"250\" height=\"250\" srcset=\"https:\/\/sarlscreenstar.com\/fr\/wp-content\/uploads\/sites\/3\/2018\/03\/forex1-6-250x250.jpg 250w, https:\/\/sarlscreenstar.com\/fr\/wp-content\/uploads\/sites\/3\/2018\/03\/forex1-6-250x250-150x150.jpg 150w, https:\/\/sarlscreenstar.com\/fr\/wp-content\/uploads\/sites\/3\/2018\/03\/forex1-6-250x250-100x100.jpg 100w\" sizes=\"(max-width: 250px) 100vw, 250px\" \/> <img loading=\"lazy\" decoding=\"async\" class=\"alignnone wp-image-115 size-full\" src=\"http:\/\/sarlscreenstar.com\/fr\/wp-content\/uploads\/sites\/3\/2018\/03\/forex1-7-250x250.jpg\" alt=\"\" width=\"250\" height=\"250\" srcset=\"https:\/\/sarlscreenstar.com\/fr\/wp-content\/uploads\/sites\/3\/2018\/03\/forex1-7-250x250.jpg 250w, https:\/\/sarlscreenstar.com\/fr\/wp-content\/uploads\/sites\/3\/2018\/03\/forex1-7-250x250-150x150.jpg 150w, https:\/\/sarlscreenstar.com\/fr\/wp-content\/uploads\/sites\/3\/2018\/03\/forex1-7-250x250-100x100.jpg 100w\" sizes=\"(max-width: 250px) 100vw, 250px\" \/> <img loading=\"lazy\" decoding=\"async\" class=\"alignnone wp-image-116 size-full\" src=\"http:\/\/sarlscreenstar.com\/fr\/wp-content\/uploads\/sites\/3\/2018\/03\/forex1-9-250x250.jpg\" alt=\"\" width=\"250\" height=\"250\" srcset=\"https:\/\/sarlscreenstar.com\/fr\/wp-content\/uploads\/sites\/3\/2018\/03\/forex1-9-250x250.jpg 250w, https:\/\/sarlscreenstar.com\/fr\/wp-content\/uploads\/sites\/3\/2018\/03\/forex1-9-250x250-150x150.jpg 150w, https:\/\/sarlscreenstar.com\/fr\/wp-content\/uploads\/sites\/3\/2018\/03\/forex1-9-250x250-100x100.jpg 100w\" sizes=\"(max-width: 250px) 100vw, 250px\" \/> <img loading=\"lazy\" decoding=\"async\" class=\"alignnone wp-image-117 size-full\" src=\"http:\/\/sarlscreenstar.com\/fr\/wp-content\/uploads\/sites\/3\/2018\/03\/forex1-10-250x250.jpg\" alt=\"\" width=\"250\" height=\"250\" srcset=\"https:\/\/sarlscreenstar.com\/fr\/wp-content\/uploads\/sites\/3\/2018\/03\/forex1-10-250x250.jpg 250w, https:\/\/sarlscreenstar.com\/fr\/wp-content\/uploads\/sites\/3\/2018\/03\/forex1-10-250x250-150x150.jpg 150w, https:\/\/sarlscreenstar.com\/fr\/wp-content\/uploads\/sites\/3\/2018\/03\/forex1-10-250x250-100x100.jpg 100w\" sizes=\"(max-width: 250px) 100vw, 250px\" \/> <img loading=\"lazy\" decoding=\"async\" class=\"alignnone wp-image-118 size-full\" src=\"http:\/\/sarlscreenstar.com\/fr\/wp-content\/uploads\/sites\/3\/2018\/03\/forex1-11-250x250.jpg\" alt=\"\" width=\"250\" height=\"250\" srcset=\"https:\/\/sarlscreenstar.com\/fr\/wp-content\/uploads\/sites\/3\/2018\/03\/forex1-11-250x250.jpg 250w, https:\/\/sarlscreenstar.com\/fr\/wp-content\/uploads\/sites\/3\/2018\/03\/forex1-11-250x250-150x150.jpg 150w, https:\/\/sarlscreenstar.com\/fr\/wp-content\/uploads\/sites\/3\/2018\/03\/forex1-11-250x250-100x100.jpg 100w\" sizes=\"(max-width: 250px) 100vw, 250px\" \/> <img loading=\"lazy\" decoding=\"async\" class=\"alignnone size-medium wp-image-119\" src=\"http:\/\/sarlscreenstar.com\/fr\/wp-content\/uploads\/sites\/3\/2018\/03\/forex1-12-250x250.jpg\" alt=\"\" width=\"250\" height=\"250\" srcset=\"https:\/\/sarlscreenstar.com\/fr\/wp-content\/uploads\/sites\/3\/2018\/03\/forex1-12-250x250.jpg 250w, https:\/\/sarlscreenstar.com\/fr\/wp-content\/uploads\/sites\/3\/2018\/03\/forex1-12-250x250-150x150.jpg 150w, https:\/\/sarlscreenstar.com\/fr\/wp-content\/uploads\/sites\/3\/2018\/03\/forex1-12-250x250-100x100.jpg 100w\" sizes=\"(max-width: 250px) 100vw, 250px\" \/> <img loading=\"lazy\" decoding=\"async\" class=\"alignnone size-medium wp-image-120\" src=\"http:\/\/sarlscreenstar.com\/fr\/wp-content\/uploads\/sites\/3\/2018\/03\/forex1-13-250x250.jpg\" alt=\"\" width=\"250\" height=\"250\" srcset=\"https:\/\/sarlscreenstar.com\/fr\/wp-content\/uploads\/sites\/3\/2018\/03\/forex1-13-250x250.jpg 250w, https:\/\/sarlscreenstar.com\/fr\/wp-content\/uploads\/sites\/3\/2018\/03\/forex1-13-250x250-150x150.jpg 150w, https:\/\/sarlscreenstar.com\/fr\/wp-content\/uploads\/sites\/3\/2018\/03\/forex1-13-250x250-100x100.jpg 100w\" sizes=\"(max-width: 250px) 100vw, 250px\" \/> <img loading=\"lazy\" decoding=\"async\" class=\"alignnone size-medium wp-image-121\" src=\"http:\/\/sarlscreenstar.com\/fr\/wp-content\/uploads\/sites\/3\/2018\/03\/forex1-14-250x250.jpg\" alt=\"\" width=\"250\" height=\"250\" srcset=\"https:\/\/sarlscreenstar.com\/fr\/wp-content\/uploads\/sites\/3\/2018\/03\/forex1-14-250x250.jpg 250w, https:\/\/sarlscreenstar.com\/fr\/wp-content\/uploads\/sites\/3\/2018\/03\/forex1-14-250x250-150x150.jpg 150w, https:\/\/sarlscreenstar.com\/fr\/wp-content\/uploads\/sites\/3\/2018\/03\/forex1-14-250x250-100x100.jpg 100w\" sizes=\"(max-width: 250px) 100vw, 250px\" \/> <img loading=\"lazy\" decoding=\"async\" class=\"alignnone wp-image-122 size-full\" src=\"http:\/\/sarlscreenstar.com\/fr\/wp-content\/uploads\/sites\/3\/2018\/03\/forex1-15-250x250.jpg\" alt=\"\" width=\"250\" height=\"250\" srcset=\"https:\/\/sarlscreenstar.com\/fr\/wp-content\/uploads\/sites\/3\/2018\/03\/forex1-15-250x250.jpg 250w, https:\/\/sarlscreenstar.com\/fr\/wp-content\/uploads\/sites\/3\/2018\/03\/forex1-15-250x250-150x150.jpg 150w, https:\/\/sarlscreenstar.com\/fr\/wp-content\/uploads\/sites\/3\/2018\/03\/forex1-15-250x250-100x100.jpg 100w\" sizes=\"(max-width: 250px) 100vw, 250px\" \/> <img loading=\"lazy\" decoding=\"async\" class=\"alignnone wp-image-123 size-full\" src=\"http:\/\/sarlscreenstar.com\/fr\/wp-content\/uploads\/sites\/3\/2018\/03\/forex1-16-250x250.jpg\" alt=\"\" width=\"250\" height=\"250\" srcset=\"https:\/\/sarlscreenstar.com\/fr\/wp-content\/uploads\/sites\/3\/2018\/03\/forex1-16-250x250.jpg 250w, https:\/\/sarlscreenstar.com\/fr\/wp-content\/uploads\/sites\/3\/2018\/03\/forex1-16-250x250-150x150.jpg 150w, https:\/\/sarlscreenstar.com\/fr\/wp-content\/uploads\/sites\/3\/2018\/03\/forex1-16-250x250-100x100.jpg 100w\" sizes=\"(max-width: 250px) 100vw, 250px\" \/> <img loading=\"lazy\" decoding=\"async\" class=\"alignnone wp-image-124 size-full\" src=\"http:\/\/sarlscreenstar.com\/fr\/wp-content\/uploads\/sites\/3\/2018\/03\/forex1-17-250x250.jpg\" alt=\"\" width=\"250\" height=\"250\" srcset=\"https:\/\/sarlscreenstar.com\/fr\/wp-content\/uploads\/sites\/3\/2018\/03\/forex1-17-250x250.jpg 250w, https:\/\/sarlscreenstar.com\/fr\/wp-content\/uploads\/sites\/3\/2018\/03\/forex1-17-250x250-150x150.jpg 150w, https:\/\/sarlscreenstar.com\/fr\/wp-content\/uploads\/sites\/3\/2018\/03\/forex1-17-250x250-100x100.jpg 100w\" sizes=\"(max-width: 250px) 100vw, 250px\" \/> <img loading=\"lazy\" decoding=\"async\" class=\"alignnone wp-image-125 size-full\" src=\"http:\/\/sarlscreenstar.com\/fr\/wp-content\/uploads\/sites\/3\/2018\/03\/forex1-18-250x250.jpg\" alt=\"\" width=\"250\" height=\"250\" srcset=\"https:\/\/sarlscreenstar.com\/fr\/wp-content\/uploads\/sites\/3\/2018\/03\/forex1-18-250x250.jpg 250w, https:\/\/sarlscreenstar.com\/fr\/wp-content\/uploads\/sites\/3\/2018\/03\/forex1-18-250x250-150x150.jpg 150w, https:\/\/sarlscreenstar.com\/fr\/wp-content\/uploads\/sites\/3\/2018\/03\/forex1-18-250x250-100x100.jpg 100w\" sizes=\"(max-width: 250px) 100vw, 250px\" \/> <img loading=\"lazy\" decoding=\"async\" class=\"alignnone wp-image-126 size-full\" src=\"http:\/\/sarlscreenstar.com\/fr\/wp-content\/uploads\/sites\/3\/2018\/03\/forex1-19-250x250.jpg\" alt=\"\" width=\"250\" height=\"250\" srcset=\"https:\/\/sarlscreenstar.com\/fr\/wp-content\/uploads\/sites\/3\/2018\/03\/forex1-19-250x250.jpg 250w, https:\/\/sarlscreenstar.com\/fr\/wp-content\/uploads\/sites\/3\/2018\/03\/forex1-19-250x250-150x150.jpg 150w, https:\/\/sarlscreenstar.com\/fr\/wp-content\/uploads\/sites\/3\/2018\/03\/forex1-19-250x250-100x100.jpg 100w\" sizes=\"(max-width: 250px) 100vw, 250px\" \/> <img loading=\"lazy\" decoding=\"async\" class=\"alignnone wp-image-127 size-full\" src=\"http:\/\/sarlscreenstar.com\/fr\/wp-content\/uploads\/sites\/3\/2018\/03\/forex1-20-250x250.jpg\" alt=\"\" width=\"250\" height=\"250\" srcset=\"https:\/\/sarlscreenstar.com\/fr\/wp-content\/uploads\/sites\/3\/2018\/03\/forex1-20-250x250.jpg 250w, https:\/\/sarlscreenstar.com\/fr\/wp-content\/uploads\/sites\/3\/2018\/03\/forex1-20-250x250-150x150.jpg 150w, https:\/\/sarlscreenstar.com\/fr\/wp-content\/uploads\/sites\/3\/2018\/03\/forex1-20-250x250-100x100.jpg 100w\" sizes=\"(max-width: 250px) 100vw, 250px\" \/> <img loading=\"lazy\" decoding=\"async\" class=\"alignnone wp-image-128 size-full\" src=\"http:\/\/sarlscreenstar.com\/fr\/wp-content\/uploads\/sites\/3\/2018\/03\/forex1-21-250x250.jpg\" alt=\"\" width=\"250\" height=\"250\" srcset=\"https:\/\/sarlscreenstar.com\/fr\/wp-content\/uploads\/sites\/3\/2018\/03\/forex1-21-250x250.jpg 250w, https:\/\/sarlscreenstar.com\/fr\/wp-content\/uploads\/sites\/3\/2018\/03\/forex1-21-250x250-150x150.jpg 150w, https:\/\/sarlscreenstar.com\/fr\/wp-content\/uploads\/sites\/3\/2018\/03\/forex1-21-250x250-100x100.jpg 100w\" sizes=\"(max-width: 250px) 100vw, 250px\" \/> <img loading=\"lazy\" decoding=\"async\" class=\"alignnone wp-image-129 size-full\" src=\"http:\/\/sarlscreenstar.com\/fr\/wp-content\/uploads\/sites\/3\/2018\/03\/forex1-22-250x250.jpg\" alt=\"\" width=\"250\" height=\"250\" srcset=\"https:\/\/sarlscreenstar.com\/fr\/wp-content\/uploads\/sites\/3\/2018\/03\/forex1-22-250x250.jpg 250w, https:\/\/sarlscreenstar.com\/fr\/wp-content\/uploads\/sites\/3\/2018\/03\/forex1-22-250x250-150x150.jpg 150w, https:\/\/sarlscreenstar.com\/fr\/wp-content\/uploads\/sites\/3\/2018\/03\/forex1-22-250x250-100x100.jpg 100w\" sizes=\"(max-width: 250px) 100vw, 250px\" \/> <img loading=\"lazy\" decoding=\"async\" class=\"alignnone wp-image-130 size-full\" src=\"http:\/\/sarlscreenstar.com\/fr\/wp-content\/uploads\/sites\/3\/2018\/03\/forex1-23-250x250.jpg\" alt=\"\" width=\"250\" height=\"250\" srcset=\"https:\/\/sarlscreenstar.com\/fr\/wp-content\/uploads\/sites\/3\/2018\/03\/forex1-23-250x250.jpg 250w, https:\/\/sarlscreenstar.com\/fr\/wp-content\/uploads\/sites\/3\/2018\/03\/forex1-23-250x250-150x150.jpg 150w, https:\/\/sarlscreenstar.com\/fr\/wp-content\/uploads\/sites\/3\/2018\/03\/forex1-23-250x250-100x100.jpg 100w\" sizes=\"(max-width: 250px) 100vw, 250px\" \/> <img loading=\"lazy\" decoding=\"async\" class=\"alignnone wp-image-131 size-full\" src=\"http:\/\/sarlscreenstar.com\/fr\/wp-content\/uploads\/sites\/3\/2018\/03\/forex1-24-250x250.jpg\" alt=\"\" width=\"250\" height=\"250\" srcset=\"https:\/\/sarlscreenstar.com\/fr\/wp-content\/uploads\/sites\/3\/2018\/03\/forex1-24-250x250.jpg 250w, https:\/\/sarlscreenstar.com\/fr\/wp-content\/uploads\/sites\/3\/2018\/03\/forex1-24-250x250-150x150.jpg 150w, https:\/\/sarlscreenstar.com\/fr\/wp-content\/uploads\/sites\/3\/2018\/03\/forex1-24-250x250-100x100.jpg 100w\" sizes=\"(max-width: 250px) 100vw, 250px\" \/><br \/>\n[youtube url=&#8221;https:\/\/www.youtube.com\/watch?v=JRBrbWyLjUQ&#8221; width=&#8221;600&#8243; height=&#8221;400&#8243; responsive=&#8221;yes&#8221; autoplay=&#8221;no&#8221;]\n","protected":false},"excerpt":{"rendered":"<p>Nous vous proposons \u00e9galement le Forex Sur Mesure. Vous d\u00e9terminez vous-m\u00eame la taille de votre Forex au centim\u00e8tre pr\u00e8s. Pratique pour vos photos panoramiques, qu\u2019elles soient horizontales ou verticales, votre Forex Sur Mesure s\u2019int\u00e8gre sur n\u2019importe quel mur de votre appartement. Le Forex est une impression directe sur un support PVC avec une haute d\u00e9finition,<a class=\"moretag\" href=\"https:\/\/sarlscreenstar.com\/fr\/presentation-sarlscreenstar\/decoration-forex-algerie\/\"><span class=\"screen-reader-text\">En savoir plus surD\u00c9CORATION FOREX<\/span>[&#8230;]<\/a><\/p>\n","protected":false},"author":1,"featured_media":108,"parent":9,"menu_order":0,"comment_status":"closed","ping_status":"closed","template":"","meta":{"footnotes":""},"class_list":["post-106","page","type-page","status-publish","has-post-thumbnail","hentry"],"_links":{"self":[{"href":"https:\/\/sarlscreenstar.com\/fr\/wp-json\/wp\/v2\/pages\/106"}],"collection":[{"href":"https:\/\/sarlscreenstar.com\/fr\/wp-json\/wp\/v2\/pages"}],"about":[{"href":"https:\/\/sarlscreenstar.com\/fr\/wp-json\/wp\/v2\/types\/page"}],"author":[{"embeddable":true,"href":"https:\/\/sarlscreenstar.com\/fr\/wp-json\/wp\/v2\/users\/1"}],"replies":[{"embeddable":true,"href":"https:\/\/sarlscreenstar.com\/fr\/wp-json\/wp\/v2\/comments?post=106"}],"version-history":[{"count":0,"href":"https:\/\/sarlscreenstar.com\/fr\/wp-json\/wp\/v2\/pages\/106\/revisions"}],"up":[{"embeddable":true,"href":"https:\/\/sarlscreenstar.com\/fr\/wp-json\/wp\/v2\/pages\/9"}],"wp:featuredmedia":[{"embeddable":true,"href":"https:\/\/sarlscreenstar.com\/fr\/wp-json\/wp\/v2\/media\/108"}],"wp:attachment":[{"href":"https:\/\/sarlscreenstar.com\/fr\/wp-json\/wp\/v2\/media?parent=106"}],"curies":[{"name":"wp","href":"https:\/\/api.w.org\/{rel}","templated":true}]}}